{"id":2791,"date":"2023-09-06T12:42:58","date_gmt":"2023-09-06T12:42:58","guid":{"rendered":"https:\/\/www.vistapalazzo.com\/the-vista-philosophy\/sostenibilita\/"},"modified":"2026-04-21T08:02:18","modified_gmt":"2026-04-21T08:02:18","slug":"sostenibilita","status":"publish","type":"page","link":"https:\/\/www.vistapalazzo.com\/en\/the-vista-philosophy\/sostenibilita\/","title":{"rendered":"Sustainability"},"content":{"rendered":"<p style=\"text-align: center\">We have been a <strong>\u201cSociet\u00e0 Benefit\u201d<\/strong> (an italian legal status for purpose-driven companies),<strong>\u00a0<\/strong>since 2021. Our focus on our people, our territory and community, and the environment, always part of our DNA, has become an established policy.<\/p>\n<p style=\"text-align: center\">These commitments are now embedded in the company\u2019s statutory purposes and corporate mission.<\/p>\n<p style=\"text-align: center\">We communicate our commitment to our stakeholders in Italy and abroad with transparency through our <strong>Sustainability Report<\/strong>, where we report the key results achieved and outline our goals for further improvement in the coming years.<\/p>\n","protected":false},"excerpt":{"rendered":"<p>We have been a \u201cSociet\u00e0 Benefit\u201d (an italian legal status for purpose-driven companies),\u00a0since 2021. Our focus on our people, our territory and community, and the environment, always part of our DNA, has become an established policy. These commitments are now embedded in the company\u2019s statutory purposes and corporate mission. We communicate our commitment to our [&hellip;]<\/p>\n","protected":false},"author":13,"featured_media":0,"parent":36,"menu_order":5,"comment_status":"closed","ping_status":"closed","template":"","meta":{"footnotes":""},"class_list":["post-2791","page","type-page","status-publish","hentry"],"yoast_head":"<!-- This site is optimized with the Yoast SEO plugin v27.3 - https:\/\/yoast.com\/product\/yoast-seo-wordpress\/ -->\n<title>Sostenibilit\u00e0 | Vista<\/title>\n<meta name=\"description\" content=\"Societ\u00e0 Benefit dal 2021, gli hotel Vista rispettano promuove un turismo sostenibile, con attenzione a comunit\u00e0 e territorio.\" \/>\n<meta name=\"robots\" content=\"index, follow, max-snippet:-1, max-image-preview:large, max-video-preview:-1\" \/>\n<link rel=\"canonical\" href=\"https:\/\/www.vistapalazzo.com\/en\/the-vista-philosophy\/sostenibilita\/\" \/>\n<meta property=\"og:locale\" content=\"en_US\" \/>\n<meta property=\"og:type\" content=\"article\" \/>\n<meta property=\"og:title\" content=\"Sostenibilit\u00e0 | Vista\" \/>\n<meta property=\"og:description\" content=\"Societ\u00e0 Benefit dal 2021, gli hotel Vista rispettano promuove un turismo sostenibile, con attenzione a comunit\u00e0 e territorio.\" \/>\n<meta property=\"og:url\" content=\"https:\/\/www.vistapalazzo.com\/en\/the-vista-philosophy\/sostenibilita\/\" \/>\n<meta property=\"og:site_name\" content=\"Vista\" \/>\n<meta property=\"article:modified_time\" content=\"2026-04-21T08:02:18+00:00\" \/>\n<meta property=\"og:image\" content=\"https:\/\/www.vistapalazzo.com\/wp-content\/uploads\/sites\/63\/2023\/12\/vista_home_ospitalita.jpg\" \/>\n\t<meta property=\"og:image:width\" content=\"2200\" \/>\n\t<meta property=\"og:image:height\" content=\"1200\" \/>\n\t<meta property=\"og:image:type\" content=\"image\/jpeg\" \/>\n<meta name=\"twitter:card\" content=\"summary_large_image\" \/>\n<meta name=\"twitter:label1\" content=\"Est. reading time\" \/>\n\t<meta name=\"twitter:data1\" content=\"1 minute\" \/>\n<script type=\"application\/ld+json\" class=\"yoast-schema-graph\">{\"@context\":\"https:\\\/\\\/schema.org\",\"@graph\":[{\"@type\":\"WebPage\",\"@id\":\"https:\\\/\\\/www.vistapalazzo.com\\\/en\\\/the-vista-philosophy\\\/sostenibilita\\\/\",\"url\":\"https:\\\/\\\/www.vistapalazzo.com\\\/en\\\/the-vista-philosophy\\\/sostenibilita\\\/\",\"name\":\"Sostenibilit\u00e0 | Vista\",\"isPartOf\":{\"@id\":\"https:\\\/\\\/www.vistapalazzo.com\\\/en\\\/#website\"},\"datePublished\":\"2023-09-06T12:42:58+00:00\",\"dateModified\":\"2026-04-21T08:02:18+00:00\",\"description\":\"Societ\u00e0 Benefit dal 2021, gli hotel Vista rispettano promuove un turismo sostenibile, con attenzione a comunit\u00e0 e territorio.\",\"breadcrumb\":{\"@id\":\"https:\\\/\\\/www.vistapalazzo.com\\\/en\\\/the-vista-philosophy\\\/sostenibilita\\\/#breadcrumb\"},\"inLanguage\":\"en-US\",\"potentialAction\":[{\"@type\":\"ReadAction\",\"target\":[\"https:\\\/\\\/www.vistapalazzo.com\\\/en\\\/the-vista-philosophy\\\/sostenibilita\\\/\"]}]},{\"@type\":\"BreadcrumbList\",\"@id\":\"https:\\\/\\\/www.vistapalazzo.com\\\/en\\\/the-vista-philosophy\\\/sostenibilita\\\/#breadcrumb\",\"itemListElement\":[{\"@type\":\"ListItem\",\"position\":1,\"name\":\"Home\",\"item\":\"https:\\\/\\\/www.vistapalazzo.com\\\/en\\\/\"},{\"@type\":\"ListItem\",\"position\":2,\"name\":\"The Vista Philosophy\",\"item\":\"https:\\\/\\\/www.vistapalazzo.com\\\/en\\\/the-vista-philosophy\\\/\"},{\"@type\":\"ListItem\",\"position\":3,\"name\":\"Sustainability\"}]},{\"@type\":\"WebSite\",\"@id\":\"https:\\\/\\\/www.vistapalazzo.com\\\/en\\\/#website\",\"url\":\"https:\\\/\\\/www.vistapalazzo.com\\\/en\\\/\",\"name\":\"Vista\",\"description\":\"\",\"publisher\":{\"@id\":\"https:\\\/\\\/www.vistapalazzo.com\\\/en\\\/#organization\"},\"potentialAction\":[{\"@type\":\"SearchAction\",\"target\":{\"@type\":\"EntryPoint\",\"urlTemplate\":\"https:\\\/\\\/www.vistapalazzo.com\\\/en\\\/?s={search_term_string}\"},\"query-input\":{\"@type\":\"PropertyValueSpecification\",\"valueRequired\":true,\"valueName\":\"search_term_string\"}}],\"inLanguage\":\"en-US\"},{\"@type\":\"Organization\",\"@id\":\"https:\\\/\\\/www.vistapalazzo.com\\\/en\\\/#organization\",\"name\":\"Vista\",\"url\":\"https:\\\/\\\/www.vistapalazzo.com\\\/en\\\/\",\"logo\":{\"@type\":\"ImageObject\",\"inLanguage\":\"en-US\",\"@id\":\"https:\\\/\\\/www.vistapalazzo.com\\\/en\\\/#\\\/schema\\\/logo\\\/image\\\/\",\"url\":\"https:\\\/\\\/www.vistapalazzo.com\\\/wp-content\\\/uploads\\\/sites\\\/63\\\/2024\\\/06\\\/logo_vista.png\",\"contentUrl\":\"https:\\\/\\\/www.vistapalazzo.com\\\/wp-content\\\/uploads\\\/sites\\\/63\\\/2024\\\/06\\\/logo_vista.png\",\"width\":500,\"height\":151,\"caption\":\"Vista\"},\"image\":{\"@id\":\"https:\\\/\\\/www.vistapalazzo.com\\\/en\\\/#\\\/schema\\\/logo\\\/image\\\/\"},\"sameAs\":[\"https:\\\/\\\/www.tiktok.com\\\/@vistahotels\"]}]}<\/script>\n<!-- \/ Yoast SEO plugin. -->","yoast_head_json":{"title":"Sostenibilit\u00e0 | Vista","description":"Societ\u00e0 Benefit dal 2021, gli hotel Vista rispettano promuove un turismo sostenibile, con attenzione a comunit\u00e0 e territorio.","robots":{"index":"index","follow":"follow","max-snippet":"max-snippet:-1","max-image-preview":"max-image-preview:large","max-video-preview":"max-video-preview:-1"},"canonical":"https:\/\/www.vistapalazzo.com\/en\/the-vista-philosophy\/sostenibilita\/","og_locale":"en_US","og_type":"article","og_title":"Sostenibilit\u00e0 | Vista","og_description":"Societ\u00e0 Benefit dal 2021, gli hotel Vista rispettano promuove un turismo sostenibile, con attenzione a comunit\u00e0 e territorio.","og_url":"https:\/\/www.vistapalazzo.com\/en\/the-vista-philosophy\/sostenibilita\/","og_site_name":"Vista","article_modified_time":"2026-04-21T08:02:18+00:00","og_image":[{"width":2200,"height":1200,"url":"https:\/\/www.vistapalazzo.com\/wp-content\/uploads\/sites\/63\/2023\/12\/vista_home_ospitalita.jpg","type":"image\/jpeg"}],"twitter_card":"summary_large_image","twitter_misc":{"Est. reading time":"1 minute"},"schema":{"@context":"https:\/\/schema.org","@graph":[{"@type":"WebPage","@id":"https:\/\/www.vistapalazzo.com\/en\/the-vista-philosophy\/sostenibilita\/","url":"https:\/\/www.vistapalazzo.com\/en\/the-vista-philosophy\/sostenibilita\/","name":"Sostenibilit\u00e0 | Vista","isPartOf":{"@id":"https:\/\/www.vistapalazzo.com\/en\/#website"},"datePublished":"2023-09-06T12:42:58+00:00","dateModified":"2026-04-21T08:02:18+00:00","description":"Societ\u00e0 Benefit dal 2021, gli hotel Vista rispettano promuove un turismo sostenibile, con attenzione a comunit\u00e0 e territorio.","breadcrumb":{"@id":"https:\/\/www.vistapalazzo.com\/en\/the-vista-philosophy\/sostenibilita\/#breadcrumb"},"inLanguage":"en-US","potentialAction":[{"@type":"ReadAction","target":["https:\/\/www.vistapalazzo.com\/en\/the-vista-philosophy\/sostenibilita\/"]}]},{"@type":"BreadcrumbList","@id":"https:\/\/www.vistapalazzo.com\/en\/the-vista-philosophy\/sostenibilita\/#breadcrumb","itemListElement":[{"@type":"ListItem","position":1,"name":"Home","item":"https:\/\/www.vistapalazzo.com\/en\/"},{"@type":"ListItem","position":2,"name":"The Vista Philosophy","item":"https:\/\/www.vistapalazzo.com\/en\/the-vista-philosophy\/"},{"@type":"ListItem","position":3,"name":"Sustainability"}]},{"@type":"WebSite","@id":"https:\/\/www.vistapalazzo.com\/en\/#website","url":"https:\/\/www.vistapalazzo.com\/en\/","name":"Vista","description":"","publisher":{"@id":"https:\/\/www.vistapalazzo.com\/en\/#organization"},"potentialAction":[{"@type":"SearchAction","target":{"@type":"EntryPoint","urlTemplate":"https:\/\/www.vistapalazzo.com\/en\/?s={search_term_string}"},"query-input":{"@type":"PropertyValueSpecification","valueRequired":true,"valueName":"search_term_string"}}],"inLanguage":"en-US"},{"@type":"Organization","@id":"https:\/\/www.vistapalazzo.com\/en\/#organization","name":"Vista","url":"https:\/\/www.vistapalazzo.com\/en\/","logo":{"@type":"ImageObject","inLanguage":"en-US","@id":"https:\/\/www.vistapalazzo.com\/en\/#\/schema\/logo\/image\/","url":"https:\/\/www.vistapalazzo.com\/wp-content\/uploads\/sites\/63\/2024\/06\/logo_vista.png","contentUrl":"https:\/\/www.vistapalazzo.com\/wp-content\/uploads\/sites\/63\/2024\/06\/logo_vista.png","width":500,"height":151,"caption":"Vista"},"image":{"@id":"https:\/\/www.vistapalazzo.com\/en\/#\/schema\/logo\/image\/"},"sameAs":["https:\/\/www.tiktok.com\/@vistahotels"]}]}},"acf":[],"_links":{"self":[{"href":"https:\/\/www.vistapalazzo.com\/en\/wp-json\/wp\/v2\/pages\/2791","targetHints":{"allow":["GET"]}}],"collection":[{"href":"https:\/\/www.vistapalazzo.com\/en\/wp-json\/wp\/v2\/pages"}],"about":[{"href":"https:\/\/www.vistapalazzo.com\/en\/wp-json\/wp\/v2\/types\/page"}],"author":[{"embeddable":true,"href":"https:\/\/www.vistapalazzo.com\/en\/wp-json\/wp\/v2\/users\/13"}],"replies":[{"embeddable":true,"href":"https:\/\/www.vistapalazzo.com\/en\/wp-json\/wp\/v2\/comments?post=2791"}],"version-history":[{"count":0,"href":"https:\/\/www.vistapalazzo.com\/en\/wp-json\/wp\/v2\/pages\/2791\/revisions"}],"up":[{"embeddable":true,"href":"https:\/\/www.vistapalazzo.com\/en\/wp-json\/wp\/v2\/pages\/36"}],"wp:attachment":[{"href":"https:\/\/www.vistapalazzo.com\/en\/wp-json\/wp\/v2\/media?parent=2791"}],"curies":[{"name":"wp","href":"https:\/\/api.w.org\/{rel}","templated":true}]}}